{"id":1507,"date":"2025-03-21T12:41:17","date_gmt":"2025-03-21T12:41:17","guid":{"rendered":"https:\/\/maydonozdoner.com\/single-category-2\/"},"modified":"2025-03-21T12:41:17","modified_gmt":"2025-03-21T12:41:17","slug":"single-category-2","status":"publish","type":"page","link":"https:\/\/maydonozdoner.com\/en\/single-category-2\/","title":{"rendered":"Single Category"},"content":{"rendered":"<!-- directorist-shortcode:: [ directorist_category] -->\n<div class=\"directorist-archive-contents\"data-atts=\"{&quot;category&quot;:&quot;&quot;,&quot;shortcode&quot;:&quot;directorist_category&quot;,&quot;_current_page&quot;:&quot;listing&quot;}\">\n\n\t\n<div class=\"directorist-header-bar\">\n\n\t<div class=\"directorist-container-fluid\">\n\n\t\t<div class=\"directorist-listings-header\">\n\n\t\t\t\n\t\t\t\t<div class=\"directorist-listings-header__left\">\n\n\t\t\t\t\t\t\t\t\t\t\t<a href=\"#\" class=\"directorist-btn directorist-btn-sm directorist-btn-px-15 directorist-btn-outline-primary directorist-filter-btn\"><i class=\"directorist-icon-mask\" aria-hidden=\"true\" style=\"--directorist-icon: url(https:\/\/maydonozdoner.com\/wp-content\/plugins\/directorist\/assets\/icons\/line-awesome\/svgs\/filter-solid.svg)\"><\/i> Filters<\/a>\n\t\t\t\t\t\n\t\t\t\t\t\t\t\t\t\t\t<h3 class=\"directorist-header-found-title\"><span>359<\/span> Items Found<\/h3>\n\t\t\t\t\t\t\t\t\t<\/div>\n\n\t\t\t\n\t\t\t\n\t\t\t\t<div class=\"directorist-listings-header__right\">\n\t\t\t\t\t\n<div class=\"directorist-dropdown directorist-dropdown-js directorist-viewas-dropdown\">\n\n\t<a class=\"directorist-dropdown__toggle directorist-dropdown__toggle-js directorist-btn directorist-btn-sm directorist-btn-px-15 directorist-btn-outline-primary directorist-toggle-has-icon\" href=\"#\">View As<span class=\"directorist-icon-caret\"><\/span><\/a>\n\n\t<div class=\"directorist-dropdown__links directorist-dropdown__links-js\">\n\n\t\t\n\t\t\t<a class=\"directorist-dropdown__links--single active\" href=\"\/en\/wp-json\/wp\/v2\/pages\/1507?view=grid\">Grid<\/a>\n\n\t\t\n\t\t\t<a class=\"directorist-dropdown__links--single\" href=\"\/en\/wp-json\/wp\/v2\/pages\/1507?view=list\">List<\/a>\n\n\t\t\n\t\t\t<a class=\"directorist-dropdown__links--single\" href=\"\/en\/wp-json\/wp\/v2\/pages\/1507?view=map\">Map<\/a>\n\n\t\t\n\t<\/div>\n\n<\/div>\n<div class=\"directorist-dropdown directorist-dropdown-js directorist-sortby-dropdown\">\n\n\t<a class=\"directorist-dropdown__toggle directorist-dropdown__toggle-js directorist-btn directorist-btn-sm directorist-btn-px-15 directorist-btn-outline-primary directorist-toggle-has-icon\" href=\"#\">Sort By<span class=\"directorist-icon-caret\"><\/span><\/a>\n\n\t<div class=\"directorist-dropdown__links directorist-dropdown__links-js directorist-dropdown__links--right\">\n\n\t\t<form id=\"directorsit-listing-sort\" method=\"post\" action=\"#\" data-trp-original-action=\"#\">\n\t\t\t\t\t\t\t<a class=\"directorist-dropdown__links--single directorist-dropdown__links--single-js\" data-link=\"\/en\/wp-json\/wp\/v2\/pages\/1507?sort=title-asc\">A to Z (title)<\/a>\n\t\t\t\t\t\t\t\t<a class=\"directorist-dropdown__links--single directorist-dropdown__links--single-js\" data-link=\"\/en\/wp-json\/wp\/v2\/pages\/1507?sort=title-desc\">Z to A (title)<\/a>\n\t\t\t\t\t\t\t\t<a class=\"directorist-dropdown__links--single directorist-dropdown__links--single-js\" data-link=\"\/en\/wp-json\/wp\/v2\/pages\/1507?sort=date-desc\">Latest listings<\/a>\n\t\t\t\t\t\t\t\t<a class=\"directorist-dropdown__links--single directorist-dropdown__links--single-js\" data-link=\"\/en\/wp-json\/wp\/v2\/pages\/1507?sort=date-asc\">Oldest listings<\/a>\n\t\t\t\t\t\t\t\t<a class=\"directorist-dropdown__links--single directorist-dropdown__links--single-js\" data-link=\"\/en\/wp-json\/wp\/v2\/pages\/1507?sort=views-desc\">Popular listings<\/a>\n\t\t\t\t\t\t\t\t<a class=\"directorist-dropdown__links--single directorist-dropdown__links--single-js\" data-link=\"\/en\/wp-json\/wp\/v2\/pages\/1507?sort=rand\">Random listings<\/a>\n\t\t\t\t\t\t<input type=\"hidden\" name=\"trp-form-language\" value=\"en\"\/><\/form>\n\n\t<\/div>\n\n<\/div>\t\t\t\t<\/div>\n\n\t\t\t\n\t\t<\/div>\n\n\t\t\t\t\t<div class=\"directorist-search-slide\">\n\t\t\t\t\n\n<div class=\"directorist-archive-adv-filter directorist-advanced-filter\">\n\t<form action=\"https:\/\/maydonozdoner.com\/en\/subeler\/\" class=\"directorist-advanced-filter__form\" data-trp-original-action=\"https:\/\/maydonozdoner.com\/en\/subeler\/\">\n\t\t<input type=\"hidden\" name='directory_type' value='general'>\n\t\t<div class=\"directorist-advanced-filter__basic\">\n\t\t\t\t\t\t\t<div class=\"directorist-advanced-filter__basic--element\"><div class=\"directorist-search-field\">\n\t<div class=\"directorist-select directorist-search-category\">\n\t\t<select name=\"in_cat\" class=\"directory_field bdas-category-search\" data-placeholder=\"T\u00fcrkiye\"  data-issearch=\"true\" data-selected-id=\"\" data-selected-label=\"\">\n\t\t\t<option value=\"\">Select Category<\/option><option data-custom-field=\"1\" value=\"159\">Germany<\/option><option data-custom-field=\"1\" value=\"162\">Azerbaycan<\/option><option data-custom-field=\"\" value=\"166\">Bel\u00e7ika<\/option><option data-custom-field=\"1\" value=\"163\">Georgia<\/option><option data-custom-field=\"1\" value=\"164\">Hollanda<\/option><option data-custom-field=\"1\" value=\"158\">Turkey<\/option>\t\t<\/select>\n\n\t<\/div>\n<\/div><\/div>\n\t\t\t\t\t\t\t<div class=\"directorist-advanced-filter__basic--element\">\n<div class=\"directorist-search-field directorist-form-group directorist-search-query\">\n\t<input class=\"directorist-form-element\" type=\"text\" name=\"q\" value=\"\" placeholder=\"Sana En Yak\u0131n \u015eubeyi Bul\" >\n<\/div><\/div>\n\t\t\t\t\t<\/div>\n\n\t\t<div class=\"directorist-advanced-filter__advanced\">\n\t\t\t\t\t\t\t<div class=\"directorist-form-group directorist-advanced-filter__advanced--element direcorist-search-field-select\"><\/div>\n\t\t\t\t\t\t\t<div class=\"directorist-form-group directorist-advanced-filter__advanced--element direcorist-search-field-select\"><\/div>\n\t\t\t\t\t\t\t<div class=\"directorist-form-group directorist-advanced-filter__advanced--element direcorist-search-field-select\"><\/div>\n\t\t\t\t\t\t\t<div class=\"directorist-form-group directorist-advanced-filter__advanced--element direcorist-search-field-select\"><\/div>\n\t\t\t\t\t\t\t<div class=\"directorist-form-group directorist-advanced-filter__advanced--element direcorist-search-field-select\"><\/div>\n\t\t\t\t\t<\/div>\n\t\t\n<div class=\"directorist-advanced-filter__action directorist-flex directorist-justify-content-end\">\n\n\t\t\t<a href=\"#\" class=\"directorist-btn directorist-btn-sm directorist-btn-outline-dark directorist-btn-reset-js\">Reset Filters<\/a>\n\t\n\t\t\t<button type=\"submit\" class=\"directorist-btn directorist-btn-sm directorist-btn-dark\">Apply Filters<\/button>\n\t\n<\/div>\t<input type=\"hidden\" name=\"trp-form-language\" value=\"en\"\/><\/form>\n<\/div>\t\t\t<\/div>\n\t\t\n\t<\/div>\n\n<\/div>\n<div class=\"directorist-archive-items directorist-archive-grid-view\">\n\n\t\n\t<div class=\"directorist-container-fluid\">\n\n\t\t\n\t\t\t<div class=\"directorist-row\">\n\n\t\t\t\t\n\t\t\t\t\t<div class=\"directorist-col-4 directorist-all-listing-col\"><!-- directorist-all-listing-col -->\n\t\t\t\t\t\t\n<div class=\"directorist-listing-single directorist-listing-card directorist-listing-no-thumb\">\n\n\t<div class=\"directorist-listing-single__header\">\n\n\t\t<div class=\"directorist-listing-single__header__left\">\n\t\t\t\n\t\t\t<div class=\"directorist-listing-single__title\">\n<h4 style=\"font-weight:bold;\" class=\"directorist-listing-title\"><a href=\"https:\/\/maydonozdoner.com\/en\/directory\/mugla-bodrum-gumbet\/\">MU\u011eLA BODRUM G\u00dcMBET<\/a><\/h4>\n\n<\/div>\n\t\t<\/div>\n\n\t\t<div class=\"directorist-listing-single__header__right\">\n\t\t\t<div class=\"directorist-listing-single__action\"><\/div>\n\t\t<\/div>\n\t\t\n\t<\/div>\n\n\t<div class=\"directorist-listing-single__info\"><\/div>\n\n\t<div class=\"directorist-listing-single__content\">\n\n\t\t<div class=\"directorist-listing-single__content__body\">\n\t\t\t<div class=\"directorist-listing-single__info--list\"><ul><li>\n<div class=\"directorist-listing-card-address\"><i class=\"directorist-icon-mask\" aria-hidden=\"true\" style=\"--directorist-icon: url(https:\/\/maydonozdoner.com\/wp-content\/plugins\/directorist\/assets\/icons\/line-awesome\/svgs\/map-marker-solid.svg)\"><\/i><span class=\"directorist-listing-single__info--list__label\"><\/span>Cevat \u015eakir Mah. \u0130smet \u0130n\u00f6n\u00fc Cad. No:37 Bodrum\/Mu\u011fla<\/div><\/li><li>\n<div class=\"directorist-listing-card-phone\"><i class=\"directorist-icon-mask\" aria-hidden=\"true\" style=\"--directorist-icon: url(https:\/\/maydonozdoner.com\/wp-content\/plugins\/directorist\/assets\/icons\/line-awesome\/svgs\/phone-solid.svg)\"><\/i><span class=\"directorist-listing-single__info--list__label\"><\/span><a style=\"font-weight:bold; color:#0748dc;\" href=\"tel:02522771021\">0252 277 10 21<\/a><\/div><\/li><li>\n<div class=\"directorist-listing-card-text\"><i class=\"directorist-icon-mask\" aria-hidden=\"true\" style=\"--directorist-icon: url(https:\/\/maydonozdoner.com\/wp-content\/plugins\/directorist\/assets\/icons\/line-awesome\/svgs\/business-time-solid.svg)\"><\/i>&nbsp;11.00 - 00.00<\/div><\/li><li>\n<div class=\"directorist-listing-card-url\"><i class=\"directorist-icon-mask\" aria-hidden=\"true\" style=\"--directorist-icon: url(https:\/\/maydonozdoner.com\/wp-content\/plugins\/directorist\/assets\/icons\/line-awesome\/svgs\/map-marked-alt-solid.svg)\"><\/i><a style=\"font-weight:bold; color:#dc5b07;\" target=\"_blank\" href=\"https:\/\/maps.app.goo.gl\/HSc9LWRjoacM4Ysh7\">&nbsp;Yol Tarifi Al!<\/a><\/div><\/li><\/ul><\/div>\n\t\t\t<div class=\"directorist-listing-single__info--excerpt\"><\/div>\n\t\t<\/div>\n\n\t\t<div class=\"directorist-listing-single__meta\">\n\t\t\t<div class=\"directorist-listing-single__meta--left\"><\/div>\n\t\t\t<div class=\"directorist-listing-single__meta--right\"><\/div>\n\t\t<\/div>\n\n\t<\/div>\n\n<\/div>\t\t\t\t\t<\/div>\n\n\t\t\t\t\n\t\t\t\t\t<div class=\"directorist-col-4 directorist-all-listing-col\"><!-- directorist-all-listing-col -->\n\t\t\t\t\t\t\n<div class=\"directorist-listing-single directorist-listing-card directorist-listing-no-thumb\">\n\n\t<div class=\"directorist-listing-single__header\">\n\n\t\t<div class=\"directorist-listing-single__header__left\">\n\t\t\t\n\t\t\t<div class=\"directorist-listing-single__title\">\n<h4 style=\"font-weight:bold;\" class=\"directorist-listing-title\"><a href=\"https:\/\/maydonozdoner.com\/en\/directory\/kutahya-simav\/\">K\u00dcTAHYA S\u0130MAV<\/a><\/h4>\n\n<\/div>\n\t\t<\/div>\n\n\t\t<div class=\"directorist-listing-single__header__right\">\n\t\t\t<div class=\"directorist-listing-single__action\"><\/div>\n\t\t<\/div>\n\t\t\n\t<\/div>\n\n\t<div class=\"directorist-listing-single__info\"><\/div>\n\n\t<div class=\"directorist-listing-single__content\">\n\n\t\t<div class=\"directorist-listing-single__content__body\">\n\t\t\t<div class=\"directorist-listing-single__info--list\"><ul><li>\n<div class=\"directorist-listing-card-address\"><i class=\"directorist-icon-mask\" aria-hidden=\"true\" style=\"--directorist-icon: url(https:\/\/maydonozdoner.com\/wp-content\/plugins\/directorist\/assets\/icons\/line-awesome\/svgs\/map-marker-solid.svg)\"><\/i><span class=\"directorist-listing-single__info--list__label\"><\/span>4 Eyl\u00fcl Mah. Azerbaycan Cad. No:26\/A Simav\/K\u00fctahya<\/div><\/li><li>\n<div class=\"directorist-listing-card-phone\"><i class=\"directorist-icon-mask\" aria-hidden=\"true\" style=\"--directorist-icon: url(https:\/\/maydonozdoner.com\/wp-content\/plugins\/directorist\/assets\/icons\/line-awesome\/svgs\/phone-solid.svg)\"><\/i><span class=\"directorist-listing-single__info--list__label\"><\/span><a style=\"font-weight:bold; color:#0748dc;\" href=\"tel:02745138565\">0274 513 85 65<\/a><\/div><\/li><li>\n<div class=\"directorist-listing-card-text\"><i class=\"directorist-icon-mask\" aria-hidden=\"true\" style=\"--directorist-icon: url(https:\/\/maydonozdoner.com\/wp-content\/plugins\/directorist\/assets\/icons\/line-awesome\/svgs\/business-time-solid.svg)\"><\/i>&nbsp;11:00 - 02:00<\/div><\/li><li>\n<div class=\"directorist-listing-card-url\"><i class=\"directorist-icon-mask\" aria-hidden=\"true\" style=\"--directorist-icon: url(https:\/\/maydonozdoner.com\/wp-content\/plugins\/directorist\/assets\/icons\/line-awesome\/svgs\/map-marked-alt-solid.svg)\"><\/i><a style=\"font-weight:bold; color:#dc5b07;\" target=\"_blank\" href=\"https:\/\/maps.app.goo.gl\/t75UKNnfx3N3oc4g7\">&nbsp;Yol Tarifi Al!<\/a><\/div><\/li><\/ul><\/div>\n\t\t\t<div class=\"directorist-listing-single__info--excerpt\"><\/div>\n\t\t<\/div>\n\n\t\t<div class=\"directorist-listing-single__meta\">\n\t\t\t<div class=\"directorist-listing-single__meta--left\"><\/div>\n\t\t\t<div class=\"directorist-listing-single__meta--right\"><\/div>\n\t\t<\/div>\n\n\t<\/div>\n\n<\/div>\t\t\t\t\t<\/div>\n\n\t\t\t\t\n\t\t\t\t\t<div class=\"directorist-col-4 directorist-all-listing-col\"><!-- directorist-all-listing-col -->\n\t\t\t\t\t\t\n<div class=\"directorist-listing-single directorist-listing-card directorist-listing-no-thumb\">\n\n\t<div class=\"directorist-listing-single__header\">\n\n\t\t<div class=\"directorist-listing-single__header__left\">\n\t\t\t\n\t\t\t<div class=\"directorist-listing-single__title\">\n<h4 style=\"font-weight:bold;\" class=\"directorist-listing-title\"><a href=\"https:\/\/maydonozdoner.com\/en\/directory\/nigde-merkez\/\">N\u0130\u011eDE MERKEZ<\/a><\/h4>\n\n<\/div>\n\t\t<\/div>\n\n\t\t<div class=\"directorist-listing-single__header__right\">\n\t\t\t<div class=\"directorist-listing-single__action\"><\/div>\n\t\t<\/div>\n\t\t\n\t<\/div>\n\n\t<div class=\"directorist-listing-single__info\"><\/div>\n\n\t<div class=\"directorist-listing-single__content\">\n\n\t\t<div class=\"directorist-listing-single__content__body\">\n\t\t\t<div class=\"directorist-listing-single__info--list\"><ul><li>\n<div class=\"directorist-listing-card-address\"><i class=\"directorist-icon-mask\" aria-hidden=\"true\" style=\"--directorist-icon: url(https:\/\/maydonozdoner.com\/wp-content\/plugins\/directorist\/assets\/icons\/line-awesome\/svgs\/map-marker-solid.svg)\"><\/i><span class=\"directorist-listing-single__info--list__label\"><\/span>Sel\u00e7uk Mah. Dr. Sami Ya\u011f\u0131z Cad. No:75\/30 Merkez\/Ni\u011fde<\/div><\/li><li>\n<div class=\"directorist-listing-card-phone\"><i class=\"directorist-icon-mask\" aria-hidden=\"true\" style=\"--directorist-icon: url(https:\/\/maydonozdoner.com\/wp-content\/plugins\/directorist\/assets\/icons\/line-awesome\/svgs\/phone-solid.svg)\"><\/i><span class=\"directorist-listing-single__info--list__label\"><\/span><a style=\"font-weight:bold; color:#0748dc;\" href=\"tel:03885022082\">0388 502 20 82<\/a><\/div><\/li><li>\n<div class=\"directorist-listing-card-text\"><i class=\"directorist-icon-mask\" aria-hidden=\"true\" style=\"--directorist-icon: url(https:\/\/maydonozdoner.com\/wp-content\/plugins\/directorist\/assets\/icons\/line-awesome\/svgs\/business-time-solid.svg)\"><\/i>&nbsp;11:00 - 22:00<\/div><\/li><li>\n<div class=\"directorist-listing-card-url\"><i class=\"directorist-icon-mask\" aria-hidden=\"true\" style=\"--directorist-icon: url(https:\/\/maydonozdoner.com\/wp-content\/plugins\/directorist\/assets\/icons\/line-awesome\/svgs\/map-marked-alt-solid.svg)\"><\/i><a style=\"font-weight:bold; color:#dc5b07;\" target=\"_blank\" href=\"https:\/\/maps.app.goo.gl\/HhxUL25CCNttcwM27\">&nbsp;Yol Tarifi Al!<\/a><\/div><\/li><\/ul><\/div>\n\t\t\t<div class=\"directorist-listing-single__info--excerpt\"><\/div>\n\t\t<\/div>\n\n\t\t<div class=\"directorist-listing-single__meta\">\n\t\t\t<div class=\"directorist-listing-single__meta--left\"><\/div>\n\t\t\t<div class=\"directorist-listing-single__meta--right\"><\/div>\n\t\t<\/div>\n\n\t<\/div>\n\n<\/div>\t\t\t\t\t<\/div>\n\n\t\t\t\t\n\t\t\t\t\t<div class=\"directorist-col-4 directorist-all-listing-col\"><!-- directorist-all-listing-col -->\n\t\t\t\t\t\t\n<div class=\"directorist-listing-single directorist-listing-card directorist-listing-no-thumb\">\n\n\t<div class=\"directorist-listing-single__header\">\n\n\t\t<div class=\"directorist-listing-single__header__left\">\n\t\t\t\n\t\t\t<div class=\"directorist-listing-single__title\">\n<h4 style=\"font-weight:bold;\" class=\"directorist-listing-title\"><a href=\"https:\/\/maydonozdoner.com\/en\/directory\/bingol-piesta-park-avm\/\">B\u0130NG\u00d6L PIESTA PARK AVM<\/a><\/h4>\n\n<\/div>\n\t\t<\/div>\n\n\t\t<div class=\"directorist-listing-single__header__right\">\n\t\t\t<div class=\"directorist-listing-single__action\"><\/div>\n\t\t<\/div>\n\t\t\n\t<\/div>\n\n\t<div class=\"directorist-listing-single__info\"><\/div>\n\n\t<div class=\"directorist-listing-single__content\">\n\n\t\t<div class=\"directorist-listing-single__content__body\">\n\t\t\t<div class=\"directorist-listing-single__info--list\"><ul><li>\n<div class=\"directorist-listing-card-address\"><i class=\"directorist-icon-mask\" aria-hidden=\"true\" style=\"--directorist-icon: url(https:\/\/maydonozdoner.com\/wp-content\/plugins\/directorist\/assets\/icons\/line-awesome\/svgs\/map-marker-solid.svg)\"><\/i><span class=\"directorist-listing-single__info--list__label\"><\/span>Yeni\u015fehir Mah. Piesta Park Avm Kat:2 No:1 Merkez\/Bing\u00f6l<\/div><\/li><li>\n<div class=\"directorist-listing-card-phone\"><i class=\"directorist-icon-mask\" aria-hidden=\"true\" style=\"--directorist-icon: url(https:\/\/maydonozdoner.com\/wp-content\/plugins\/directorist\/assets\/icons\/line-awesome\/svgs\/phone-solid.svg)\"><\/i><span class=\"directorist-listing-single__info--list__label\"><\/span><a style=\"font-weight:bold; color:#0748dc;\" href=\"tel:04262156741\">0426 215 67 41<\/a><\/div><\/li><li>\n<div class=\"directorist-listing-card-text\"><i class=\"directorist-icon-mask\" aria-hidden=\"true\" style=\"--directorist-icon: url(https:\/\/maydonozdoner.com\/wp-content\/plugins\/directorist\/assets\/icons\/line-awesome\/svgs\/business-time-solid.svg)\"><\/i>&nbsp;10:00 - 22:00<\/div><\/li><li>\n<div class=\"directorist-listing-card-url\"><i class=\"directorist-icon-mask\" aria-hidden=\"true\" style=\"--directorist-icon: url(https:\/\/maydonozdoner.com\/wp-content\/plugins\/directorist\/assets\/icons\/line-awesome\/svgs\/map-marked-alt-solid.svg)\"><\/i><a style=\"font-weight:bold; color:#dc5b07;\" target=\"_blank\" href=\"https:\/\/maps.app.goo.gl\/fMqHpfZHS1uiZmTx5\">&nbsp;Yol Tarifi Al!<\/a><\/div><\/li><\/ul><\/div>\n\t\t\t<div class=\"directorist-listing-single__info--excerpt\"><\/div>\n\t\t<\/div>\n\n\t\t<div class=\"directorist-listing-single__meta\">\n\t\t\t<div class=\"directorist-listing-single__meta--left\"><\/div>\n\t\t\t<div class=\"directorist-listing-single__meta--right\"><\/div>\n\t\t<\/div>\n\n\t<\/div>\n\n<\/div>\t\t\t\t\t<\/div>\n\n\t\t\t\t\n\t\t\t\t\t<div class=\"directorist-col-4 directorist-all-listing-col\"><!-- directorist-all-listing-col -->\n\t\t\t\t\t\t\n<div class=\"directorist-listing-single directorist-listing-card directorist-listing-no-thumb\">\n\n\t<div class=\"directorist-listing-single__header\">\n\n\t\t<div class=\"directorist-listing-single__header__left\">\n\t\t\t\n\t\t\t<div class=\"directorist-listing-single__title\">\n<h4 style=\"font-weight:bold;\" class=\"directorist-listing-title\"><a href=\"https:\/\/maydonozdoner.com\/en\/directory\/belcika-bruksel\/\">BEL\u00c7\u0130KA BR\u00dcKSEL<\/a><\/h4>\n\n<\/div>\n\t\t<\/div>\n\n\t\t<div class=\"directorist-listing-single__header__right\">\n\t\t\t<div class=\"directorist-listing-single__action\"><\/div>\n\t\t<\/div>\n\t\t\n\t<\/div>\n\n\t<div class=\"directorist-listing-single__info\"><\/div>\n\n\t<div class=\"directorist-listing-single__content\">\n\n\t\t<div class=\"directorist-listing-single__content__body\">\n\t\t\t<div class=\"directorist-listing-single__info--list\"><ul><li>\n<div class=\"directorist-listing-card-address\"><i class=\"directorist-icon-mask\" aria-hidden=\"true\" style=\"--directorist-icon: url(https:\/\/maydonozdoner.com\/wp-content\/plugins\/directorist\/assets\/icons\/line-awesome\/svgs\/map-marker-solid.svg)\"><\/i><span class=\"directorist-listing-single__info--list__label\"><\/span>Anspachlaan 57, 1000  Br\u00fcssel \/ Belgie<\/div><\/li><\/ul><\/div>\n\t\t\t<div class=\"directorist-listing-single__info--excerpt\"><\/div>\n\t\t<\/div>\n\n\t\t<div class=\"directorist-listing-single__meta\">\n\t\t\t<div class=\"directorist-listing-single__meta--left\"><\/div>\n\t\t\t<div class=\"directorist-listing-single__meta--right\"><\/div>\n\t\t<\/div>\n\n\t<\/div>\n\n<\/div>\t\t\t\t\t<\/div>\n\n\t\t\t\t\n\t\t\t\t\t<div class=\"directorist-col-4 directorist-all-listing-col\"><!-- directorist-all-listing-col -->\n\t\t\t\t\t\t\n<div class=\"directorist-listing-single directorist-listing-card directorist-listing-no-thumb\">\n\n\t<div class=\"directorist-listing-single__header\">\n\n\t\t<div class=\"directorist-listing-single__header__left\">\n\t\t\t\n\t\t\t<div class=\"directorist-listing-single__title\">\n<h4 style=\"font-weight:bold;\" class=\"directorist-listing-title\"><a href=\"https:\/\/maydonozdoner.com\/en\/directory\/konya-seydisehir\/\">KONYA SEYD\u0130\u015eEH\u0130R<\/a><\/h4>\n\n<\/div>\n\t\t<\/div>\n\n\t\t<div class=\"directorist-listing-single__header__right\">\n\t\t\t<div class=\"directorist-listing-single__action\"><\/div>\n\t\t<\/div>\n\t\t\n\t<\/div>\n\n\t<div class=\"directorist-listing-single__info\"><\/div>\n\n\t<div class=\"directorist-listing-single__content\">\n\n\t\t<div class=\"directorist-listing-single__content__body\">\n\t\t\t<div class=\"directorist-listing-single__info--list\"><ul><li>\n<div class=\"directorist-listing-card-address\"><i class=\"directorist-icon-mask\" aria-hidden=\"true\" style=\"--directorist-icon: url(https:\/\/maydonozdoner.com\/wp-content\/plugins\/directorist\/assets\/icons\/line-awesome\/svgs\/map-marker-solid.svg)\"><\/i><span class=\"directorist-listing-single__info--list__label\"><\/span>Hac\u0131seyitali Mah. Atat\u00fcrk Cad. No:44\/B Seydi\u015fehir\/Konya<\/div><\/li><li>\n<div class=\"directorist-listing-card-phone\"><i class=\"directorist-icon-mask\" aria-hidden=\"true\" style=\"--directorist-icon: url(https:\/\/maydonozdoner.com\/wp-content\/plugins\/directorist\/assets\/icons\/line-awesome\/svgs\/phone-solid.svg)\"><\/i><span class=\"directorist-listing-single__info--list__label\"><\/span><a style=\"font-weight:bold; color:#0748dc;\" href=\"tel:03323440141\">0332 344 01 41<\/a><\/div><\/li><li>\n<div class=\"directorist-listing-card-text\"><i class=\"directorist-icon-mask\" aria-hidden=\"true\" style=\"--directorist-icon: url(https:\/\/maydonozdoner.com\/wp-content\/plugins\/directorist\/assets\/icons\/line-awesome\/svgs\/business-time-solid.svg)\"><\/i>&nbsp;11:00 - 00:00<\/div><\/li><li>\n<div class=\"directorist-listing-card-url\"><i class=\"directorist-icon-mask\" aria-hidden=\"true\" style=\"--directorist-icon: url(https:\/\/maydonozdoner.com\/wp-content\/plugins\/directorist\/assets\/icons\/line-awesome\/svgs\/map-marked-alt-solid.svg)\"><\/i><a style=\"font-weight:bold; color:#dc5b07;\" target=\"_blank\" href=\"https:\/\/maps.app.goo.gl\/J25CCTx95EAjFNYz9\">&nbsp;Yol Tarifi Al!<\/a><\/div><\/li><\/ul><\/div>\n\t\t\t<div class=\"directorist-listing-single__info--excerpt\"><\/div>\n\t\t<\/div>\n\n\t\t<div class=\"directorist-listing-single__meta\">\n\t\t\t<div class=\"directorist-listing-single__meta--left\"><\/div>\n\t\t\t<div class=\"directorist-listing-single__meta--right\"><\/div>\n\t\t<\/div>\n\n\t<\/div>\n\n<\/div>\t\t\t\t\t<\/div>\n\n\t\t\t\t\n\t\t\t<\/div>\n\n\t\t\t\n\t\t\t<div class=\"directorist-pagination\"><span aria-current=\"page\" class=\"page-numbers current\">1<\/span>\n<a class=\"page-numbers\" href=\"https:\/\/maydonozdoner.com\/en\/wp-json\/wp\/v2\/pages\/1507\/page\/2\/\">2<\/a>\n<a class=\"page-numbers\" href=\"https:\/\/maydonozdoner.com\/en\/wp-json\/wp\/v2\/pages\/1507\/page\/3\/\">3<\/a>\n<span class=\"page-numbers dots\">&hellip;<\/span>\n<a class=\"page-numbers\" href=\"https:\/\/maydonozdoner.com\/en\/wp-json\/wp\/v2\/pages\/1507\/page\/60\/\">60<\/a>\n<a class=\"next page-numbers\" href=\"https:\/\/maydonozdoner.com\/en\/wp-json\/wp\/v2\/pages\/1507\/page\/2\/\"><i class=\"directorist-icon-mask\" aria-hidden=\"true\" style=\"--directorist-icon: url(https:\/\/maydonozdoner.com\/wp-content\/plugins\/directorist\/assets\/icons\/font-awesome\/svgs\/solid\/chevron-right.svg)\"><\/i><\/a><\/div>\n\t\t\t\n\t\t\n\t<\/div>\n\n<\/div>\n<\/div>","protected":false},"excerpt":{"rendered":"","protected":false},"author":0,"featured_media":0,"parent":0,"menu_order":0,"comment_status":"closed","ping_status":"closed","template":"","meta":{"footnotes":""},"_links":{"self":[{"href":"https:\/\/maydonozdoner.com\/en\/wp-json\/wp\/v2\/pages\/1507"}],"collection":[{"href":"https:\/\/maydonozdoner.com\/en\/wp-json\/wp\/v2\/pages"}],"about":[{"href":"https:\/\/maydonozdoner.com\/en\/wp-json\/wp\/v2\/types\/page"}],"replies":[{"embeddable":true,"href":"https:\/\/maydonozdoner.com\/en\/wp-json\/wp\/v2\/comments?post=1507"}],"version-history":[{"count":0,"href":"https:\/\/maydonozdoner.com\/en\/wp-json\/wp\/v2\/pages\/1507\/revisions"}],"wp:attachment":[{"href":"https:\/\/maydonozdoner.com\/en\/wp-json\/wp\/v2\/media?parent=1507"}],"curies":[{"name":"wp","href":"https:\/\/api.w.org\/{rel}","templated":true}]}}